{"id":2404,"date":"2023-12-05T14:11:14","date_gmt":"2023-12-05T13:11:14","guid":{"rendered":"https:\/\/batuvodkazsvetu.cz\/?page_id=2404"},"modified":"2024-03-26T01:10:03","modified_gmt":"2024-03-26T00:10:03","slug":"blok-b-jak-nove-technologie-meni-prumyslove-inzenyry","status":"publish","type":"page","link":"https:\/\/batuvodkazsvetu.cz\/index.php\/blok-b-jak-nove-technologie-meni-prumyslove-inzenyry\/","title":{"rendered":"Blok B: Jak nov\u00e9 technologie m\u011bn\u00ed pr\u016fmyslov\u00e9 in\u017een\u00fdrstv\u00ed?"},"content":{"rendered":"\n<p><strong><em>Do podnik\u016f nastupuj\u00ed nov\u00e9 technologie a lid\u00e9 se u\u010d\u00ed spolupracovat nejen s kolaborativn\u00edmi roboty, ale tak\u00e9 s roboty, kter\u00e9 pom\u00e1haj\u00ed v du\u0161evn\u00ed a kreativn\u00ed pr\u00e1ci. M\u00e1me digit\u00e1ln\u00ed dvoj\u010data, kter\u00e1 n\u00e1m umo\u017e\u0148uj\u00ed vid\u011bt d\u0159\u00edve neviditeln\u00e1 pl\u00fdtv\u00e1n\u00ed a m\u00e1me technologie na ovl\u00e1d\u00e1n\u00ed zhasl\u00e9 fabriky na d\u00e1lku. Jak nov\u00e9 technologie m\u011bn\u00ed pr\u016fmyslov\u00e9 in\u017een\u00fdrstv\u00ed, p\u0159\u00edstupy a postupy pr\u016fmyslov\u00fdch in\u017een\u00fdr\u016f k \u0159\u00edzen\u00ed podniku?<\/em><\/strong><\/p>\n\n\n\n<h4 class=\"wp-block-heading\"><strong>Moder\u00e1tor:<\/strong><\/h4>\n\n\n\n<p><a href=\"https:\/\/batuvodkazsvetu.cz\/index.php\/blok-b-jak-nove-technologie-meni-prumyslove-inzenyry\/#kosturiak\">J\u00e1n KO\u0160TURIAK<\/a><\/p>\n\n\n\n<div id=\"martinec\" class=\"wp-block-group has-global-padding is-layout-constrained wp-block-group-is-layout-constrained\">\n<figure class=\"wp-block-image alignright size-full is-resized is-style-rounded\"><img loading=\"lazy\" decoding=\"async\" width=\"100\" height=\"100\" src=\"https:\/\/batuvodkazsvetu.cz\/wp-content\/uploads\/2023\/12\/MARTINEC.jpg\" alt=\"\" class=\"wp-image-2415\" style=\"object-fit:cover;width:150px;height:150px\"\/><\/figure>\n\n\n\n<h2 class=\"wp-block-heading\"><strong>Stanislav MARTINEC &#8211; KOMA Modular Vizovice<\/strong><\/h2>\n\n\n\n<p>Majitel a jednatel KOMA MODULAR, propag\u00e1tor modul\u00e1rn\u00ed v\u00fdstavby a vizion\u00e1\u0159. V roce 1992 zalo\u017eil firmu KOMA MODULAR zam\u011b\u0159enou nejprve na kontejnerovou, pozd\u011bji na modul\u00e1rn\u00ed v\u00fdstavbu. Firmu vybudoval na pil\u00ed\u0159\u00edch jako je kvalita a inovace. D\u00edky tomu neust\u00e1le posouv\u00e1 hranice modularity a spole\u010dn\u011b s firmou KOMA m\u00e1 za sebou komplikovan\u00e9 projekty v\u00fdstavby jako je p\u0159ibli\u017en\u011b 100 \u0161kolsk\u00fdch za\u0159\u00edzen\u00ed, architektonicky ocen\u011bn\u00fd EXPO pavilon v Mil\u00e1n\u011b 2015, prvn\u00ed modul\u00e1rn\u00ed nemocni\u010dn\u00ed pavilon a nyn\u00ed dod\u00e1vka modul\u00e1rn\u00edch leti\u0161\u0165 v Senegalu. \u0158ad\u00ed se tak mezi p\u0159edn\u00ed \u010desk\u00e9 v\u00fdrobce modul\u00e1rn\u00edch staveb. Je p\u0159\u00edznivcem Tom\u00e1\u0161e Bati, kter\u00fdm se dodnes inspiruje. Ve firm\u011b zavedl tzv. V\u0161eobecnou KOMA \u0161kolu, kterou absolvuje ka\u017ed\u00fd zam\u011bstnanec firmy. C\u00edlem je p\u0159edstavit firemn\u00ed posl\u00e1n\u00ed, vize a hodnoty, pr\u016fb\u011bh zak\u00e1zky firmou a vn\u011bj\u0161\u00ed i vnit\u0159n\u00ed z\u00e1kazn\u00edky firmy. T\u00edmto se spoluvytv\u00e1\u0159\u00ed firemn\u00ed KOMA kultura a soun\u00e1le\u017eitost jednotliv\u00fdch pracovn\u00edk\u016f s firmou.<\/p>\n<\/div>\n\n\n\n<div id=\"lubasova\" class=\"wp-block-group has-global-padding is-layout-constrained wp-block-group-is-layout-constrained\">\n<figure class=\"wp-block-image alignright size-full is-resized is-style-rounded\"><img loading=\"lazy\" decoding=\"async\" width=\"296\" height=\"295\" src=\"https:\/\/batuvodkazsvetu.cz\/wp-content\/uploads\/2023\/12\/LUBASOVA.jpg\" alt=\"\" class=\"wp-image-2414\" style=\"object-fit:cover;width:150px;height:150px\" srcset=\"https:\/\/batuvodkazsvetu.cz\/wp-content\/uploads\/2023\/12\/LUBASOVA.jpg 296w, https:\/\/batuvodkazsvetu.cz\/wp-content\/uploads\/2023\/12\/LUBASOVA-150x150.jpg 150w\" sizes=\"auto, (max-width: 296px) 100vw, 296px\" \/><\/figure>\n\n\n\n<h2 class=\"wp-block-heading\"><strong>Alena LUBASOV\u00c1 &#8211; Stroj\u00edrna Oslavany<\/strong><\/h2>\n\n\n\n<p>Je absolventka Masarykovy univerzity v Brn\u011b, obor sociologie a soci\u00e1ln\u00ed psychologie. Od roku 1993-2010 pro\u0161la r\u016fzn\u00fdmi TOP mana\u017eersk\u00fdmi pozicemi v zahrani\u010dn\u00ed korporaci, holdingov\u00e9 spole\u010dnosti i vlastn\u00ed poradensk\u00e9 spole\u010dnosti. Od roku 2010 p\u016fsob\u00ed ve STROJ\u00cdRN\u011a OSLAVANY, spol. s r.o. \u2013 nejprve jako \u0159editelka divize Rozvoje, od roku 2017 jako \u0159editelka spole\u010dnosti a od roku 2020 zast\u00e1v\u00e1 pozici CEO. V letech 2001-2021 extern\u011b vyu\u010dovala na Kated\u0159e soci\u00e1ln\u00ed politiky a soci\u00e1ln\u00ed pr\u00e1ce Fakulty soci\u00e1ln\u00edch studi\u00ed MU v Brn\u011b v oboru Person\u00e1ln\u00ed \u0159\u00edzen\u00ed a od roku 2007-2017 i na VUT v Brn\u011b v r\u00e1mci Brno Business School \u2013 v\u00fduku MBA v modulu Mana\u017eersk\u00e1 komunikace.<\/p>\n<\/div>\n\n\n\n<div id=\"zbozinek\" class=\"wp-block-group has-global-padding is-layout-constrained wp-block-group-is-layout-constrained\">\n<figure class=\"wp-block-image alignright size-full is-resized is-style-rounded\"><img loading=\"lazy\" decoding=\"async\" width=\"150\" height=\"150\" src=\"https:\/\/batuvodkazsvetu.cz\/wp-content\/uploads\/2023\/12\/ZBOZINEK.jpg\" alt=\"\" class=\"wp-image-2413\" style=\"object-fit:cover;width:150px;height:150px\"\/><\/figure>\n\n\n\n<h2 class=\"wp-block-heading\"><strong>Radom\u00edr ZBO\u017d\u00cdNEK &#8211;&nbsp; Intemac Ku\u0159im<\/strong><\/h2>\n\n\n\n<p>Dlouhodob\u011b p\u016fsob\u00edm v oblasti R&amp;D v oboru stroj\u00edrenstv\u00ed. Specializuji se na flexibiln\u00ed v\u00fdrobn\u00ed syst\u00e9my, proces v\u00fdvoje nov\u00fdch v\u00fdrobk\u016f, Pr\u016fmysl 4.0 a digitalizaci v\u00fdroby. Pom\u00e1h\u00e1m a inspiruji p\u0159i v\u00fdvoji a zav\u00e1d\u011bn\u00ed modern\u00edch technologi\u00ed do v\u00fdroby. Zpracoval jsem koncepci a pod\u00edlel se na zalo\u017een\u00ed Kompeten\u010dn\u00edho a inova\u010dn\u00edho centra INTEMAC, kter\u00e9 jsem od jeho po\u010d\u00e1tku 10 let \u0159\u00eddil. Jsem inici\u00e1torem vzniku a dal\u0161\u00edho strategick\u00e9ho rozvoje V\u00fdrobn\u00ed bu\u0148ky 4.0 &#8211; flexibiln\u00ed automatizovan\u00e9 pracovi\u0161t\u011b pro opakovanou malos\u00e9riovou a kusovou v\u00fdrobu.<br>Nebojme se nov\u00fdch technologick\u00fdch mo\u017enost\u00ed. Pr\u016fmysl 4.0 vn\u00edm\u00e1m jako unik\u00e1tn\u00ed mo\u017enost pro \u010desk\u00e9 v\u00fdrobn\u00ed firmy, jak z\u00edskat n\u00e1skok a nov\u00e9 konkuren\u010dn\u00ed v\u00fdhody. V centru INTEMAC jsme p\u0159ipraveni firmy procesem digitalizace bezpe\u010dn\u011b prov\u00e9st.<\/p>\n<\/div>\n\n\n\n<div id=\"zachensky\" class=\"wp-block-group has-global-padding is-layout-constrained wp-block-group-is-layout-constrained\">\n<figure class=\"wp-block-image alignright size-full is-resized is-style-rounded\"><img loading=\"lazy\" decoding=\"async\" width=\"271\" height=\"271\" src=\"https:\/\/batuvodkazsvetu.cz\/wp-content\/uploads\/2023\/12\/ZACHENSKY.jpg\" alt=\"\" class=\"wp-image-2412\" style=\"object-fit:cover;width:150px;height:150px\" srcset=\"https:\/\/batuvodkazsvetu.cz\/wp-content\/uploads\/2023\/12\/ZACHENSKY.jpg 271w, https:\/\/batuvodkazsvetu.cz\/wp-content\/uploads\/2023\/12\/ZACHENSKY-150x150.jpg 150w\" sizes=\"auto, (max-width: 271px) 100vw, 271px\" \/><\/figure>\n\n\n\n<h2 class=\"wp-block-heading\"><strong>Pavel ZACHENSK\u00dd &#8211; MSM Land Systems Tren\u010d\u00edn<\/strong><\/h2>\n\n\n\n<p>Dlouhodob\u00e1 v\u00e1\u0161e\u0148 pro procesy. Nastavov\u00e1n\u00ed, \u0159\u00edzen\u00ed a auditov\u00e1n\u00ed syst\u00e9m\u016f veden\u00ed firmy a kvality jejich produkt\u016f (nap\u0159. ISO 9001, IATF 16949, AQAP 2110, \u2026). Kou\u010dov\u00e1n\u00ed a veden\u00ed n\u00e1stroj\u016f Lean, Kaizen, Zlep\u0161ov\u00e1n\u00ed Kata, Six Sigma, SPC, \u2026 P\u016fsoben\u00ed v kusov\u00e9, malo-kusov\u00e9 a s\u00e9riov\u00e9 v\u00fdrob\u011b. V\u011b\u0159\u00edm, \u017ee z\u00e1kladem \u00fasp\u011b\u0161n\u00e9 firmy je kvalitn\u00ed management a neust\u00e1l\u00e9 zlep\u0161ov\u00e1n\u00ed. O sv\u00e9 poznatky jsem se rozhodl pod\u011blit i s jin\u00fdmi a napsal kn\u00ed\u017eku \u201eV\u00fdkonn\u00e9 procesy (2023)\u201c.<\/p>\n<\/div>\n\n\n\n<div id=\"marek\" class=\"wp-block-group has-global-padding is-layout-constrained wp-block-group-is-layout-constrained\">\n<figure class=\"wp-block-image alignright size-full is-resized is-style-rounded\"><img loading=\"lazy\" decoding=\"async\" width=\"300\" height=\"300\" src=\"https:\/\/batuvodkazsvetu.cz\/wp-content\/uploads\/2023\/12\/MAREK.jpg\" alt=\"\" class=\"wp-image-2411\" style=\"object-fit:cover;width:150px;height:150px\" srcset=\"https:\/\/batuvodkazsvetu.cz\/wp-content\/uploads\/2023\/12\/MAREK.jpg 300w, https:\/\/batuvodkazsvetu.cz\/wp-content\/uploads\/2023\/12\/MAREK-150x150.jpg 150w\" sizes=\"auto, (max-width: 300px) 100vw, 300px\" \/><\/figure>\n\n\n\n<h2 class=\"wp-block-heading\"><strong>Ji\u0159\u00ed MAREK &#8211;&nbsp;VUT Brno<\/strong><\/h2>\n\n\n\n<p>Ve sv\u00e9 p\u011btadvacetilet\u00e9 praxi ve stroj\u00edrensk\u00e9m pr\u016fmyslu pracoval \u0161estn\u00e1ct a p\u016fl roku jako technick\u00fd \u0159editel (TOSHULIN, KSK Ku\u0159im, TOS Ku\u0159im). Pracoval rovn\u011b\u017e jako v\u00fdvojov\u00fd konstrukt\u00e9r a mimo to u\u010dil na VUT v Brn\u011b. Od z\u00e1\u0159\u00ed 2016 p\u0159edn\u00e1\u0161\u00ed na pln\u00fd \u00favazek na VUT v Brn\u011b, Fakult\u011b strojn\u00edho in\u017een\u00fdrstv\u00ed. Jeho praktick\u00e1 a pedagogick\u00e1 \u010dinnost je zam\u011b\u0159ena p\u0159edev\u0161\u00edm na konstrukci obr\u00e1b\u011bc\u00edch stroj\u016f, \u0159\u00edzen\u00ed a organizaci podnikov\u00fdch proces\u016f, pr\u016fmyslov\u00e9 in\u017een\u00fdrstv\u00ed, hodnotov\u00fd management a v neposledn\u00ed \u0159ad\u011b na syst\u00e9mov\u00e9 i intuitivn\u00ed p\u0159\u00edstupy p\u0159i tvorb\u011b technick\u00fdch soustav. P\u016fsob\u00ed jako soudn\u00ed znalec a poradce v pr\u016fmyslov\u00fdch firm\u00e1ch.<\/p>\n<\/div>\n\n\n\n<div id=\"ciganekova\" class=\"wp-block-group has-global-padding is-layout-constrained wp-block-group-is-layout-constrained\">\n<figure class=\"wp-block-image alignright size-full is-resized is-style-rounded\"><img loading=\"lazy\" decoding=\"async\" width=\"189\" height=\"189\" src=\"https:\/\/batuvodkazsvetu.cz\/wp-content\/uploads\/2023\/12\/CIGANEKOVA.jpg\" alt=\"\" class=\"wp-image-2410\" style=\"object-fit:cover;width:150px;height:150px\" srcset=\"https:\/\/batuvodkazsvetu.cz\/wp-content\/uploads\/2023\/12\/CIGANEKOVA.jpg 189w, https:\/\/batuvodkazsvetu.cz\/wp-content\/uploads\/2023\/12\/CIGANEKOVA-150x150.jpg 150w\" sizes=\"auto, (max-width: 189px) 100vw, 189px\" \/><\/figure>\n\n\n\n<h2 class=\"wp-block-heading\"><strong>Monika CIG\u00c1NEKOV\u00c1 &#8211; PROVEO \u017dilina<\/strong><\/h2>\n\n\n\n<p>Od roku 2000 se v\u011bnuje prim\u00e1rn\u011b oblasti logistiky, prosazov\u00e1n\u00ed a zav\u00e1d\u011bn\u00ed nov\u00fdch tr\u017en\u00edch trend\u016f. Spole\u010dn\u011b se sv\u00fdmi dodavateli neust\u00e1le vyv\u00edj\u00ed nov\u00e1 \u0159e\u0161en\u00ed \u0161it\u00e1 na m\u00edru pot\u0159eb\u00e1m z\u00e1kazn\u00edk\u016f. M\u00e1 za sebou v\u00edce ne\u017e 180 praktick\u00fdch projekt\u016f ve v\u00fdrobn\u00edch a distribu\u010dn\u00edch spole\u010dnostech z r\u016fzn\u00fdch odv\u011btv\u00ed (zejm\u00e9na stroj\u00edrenstv\u00ed, automobilov\u00fd pr\u016fmysl, elektrotechnika). Od roku 2011 je \u010dlenem Komory logistick\u00fdch auditor\u016f Slovensk\u00e9 republiky.<\/p>\n<\/div>\n\n\n\n<div id=\"simon\" class=\"wp-block-group has-global-padding is-layout-constrained wp-block-group-is-layout-constrained\">\n<figure class=\"wp-block-image alignright size-full is-resized is-style-rounded\"><img loading=\"lazy\" decoding=\"async\" width=\"150\" height=\"150\" src=\"https:\/\/batuvodkazsvetu.cz\/wp-content\/uploads\/2023\/12\/simon.jpg\" alt=\"\" class=\"wp-image-2713\" style=\"object-fit:cover;width:150px;height:150px\"\/><\/figure>\n\n\n\n<h2 class=\"wp-block-heading\"><strong>Michal \u0160IMON \u2013 Z\u00e1pado\u010desk\u00e1 univerzita Plze\u0148<\/strong><\/h2>\n\n\n\n<p>P\u016fsob\u00ed na pozici vedouc\u00edho Katedry pr\u016fmyslov\u00e9ho in\u017een\u00fdrstv\u00ed a managementu na Fakult\u011b strojn\u00ed Z\u00e1pado\u010desk\u00e9 univerzity v&nbsp;Plzni. Dlouhodob\u011b se pod\u00edl\u00ed na intenzivn\u00edm rozvoji pracovi\u0161t\u011b, kter\u00e9 je v&nbsp;sou\u010dasn\u00e9 dob\u011b jedn\u00edm z&nbsp;nejlep\u0161\u00edch a nejl\u00e9pe vybaven\u00fdch pracovi\u0161\u0165 pr\u016fmyslov\u00e9ho in\u017een\u00fdrstv\u00ed v&nbsp;\u010cesk\u00e9 republice. Mezi z\u00e1kladn\u00ed aktivity a oblasti zam\u011b\u0159en\u00ed pat\u0159\u00ed \u2013 racionalizace proces\u016f, implementace metod pr\u016fmyslov\u00e9ho in\u017een\u00fdrstv\u00ed, automatizace a um\u011bl\u00e1 inteligence v&nbsp;procesech logistiky, ergonomie a vyu\u017eit\u00ed virtu\u00e1ln\u00ed reality.<\/p>\n\n\n\n<p>V&nbsp;r\u00e1mci dlouholet\u00fdch projektov\u00fdch zku\u0161enost\u00ed a implementac\u00ed metod a postup\u016f v&nbsp;praxi, se v&nbsp;pr\u016fb\u011bhu \u010dasu pod\u00edlel na zalo\u017een\u00ed prvn\u00ed Star up spole\u010dnosti Fakulty strojn\u00ed, Z\u00e1pado\u010desk\u00e9 univerzity v&nbsp;Plzni &#8211; CIE group (Centre for Industrial Engineering), kter\u00e1 je zam\u011b\u0159ena na transfer v\u00fd\u0161e uveden\u00fdch znalost\u00ed do podnikatelsk\u00fdch subjekt\u016f.<\/p>\n<\/div>\n\n\n\n<div id=\"kosturiak\" class=\"wp-block-group has-global-padding is-layout-constrained wp-block-group-is-layout-constrained\">\n<figure class=\"wp-block-image alignright size-full is-resized is-style-rounded\"><img loading=\"lazy\" decoding=\"async\" width=\"150\" height=\"150\" src=\"https:\/\/batuvodkazsvetu.cz\/wp-content\/uploads\/2023\/12\/kosturiak1.jpg\" alt=\"\" class=\"wp-image-2665\" style=\"object-fit:cover;width:150px;height:150px\"\/><\/figure>\n\n\n\n<h2 class=\"wp-block-heading\"><strong>J\u00e1n KO\u0160TURIAK<\/strong> <strong>&#8211; IPA Slovakia<\/strong><\/h2>\n\n\n\n<p>Spoluzakladatel IPA Slovakia a Podnikatelsk\u00e9 univerzity v \u017dilin\u011b. V r. 1990 za\u010dal pracovat jako konzultant pro pr\u016fmyslov\u00e9 podniky. V r. 1995 zalo\u017eil Institut pr\u016fmyslov\u00e9ho in\u017een\u00fdrstv\u00ed v \u017dilin\u011b, kter\u00fd v r. 2000 spojil s aktivitami Fraunhofer IPA Stuttgart ve spole\u010dnosti Fraunhofer IPA Slovakia. B\u011bhem sv\u00e9 profesion\u00e1ln\u00ed kari\u00e9ry pracoval jako konzultant pro mnoho firem (nap\u0159. Volkswagen, Sauer Danfoss, Leoni, AESOP, Daimler Chrysler, Leoni, Visteon, Hella, Elcom, Atrea, SHP Group, Fosfa, OMS, Linet, Bonatrans, \u0160koda Auto, \u00d6BB, Siemens, Mondi\/Neusiedler, Ahorn, Borcad, atd.). V r. 2021 zalo\u017eil a rozv\u00edj\u00ed s\u00ed\u0165 INOVATO, kde zkoum\u00e1 nov\u00e9 trendy a technologie v byznysu, propojuje podnikatele a hled\u00e1 s nimi inovace a nov\u00e9 podnikatelsk\u00e9 modely. \u017dije ve Var\u00ednu na Slovensku a M\u011br\u016ftk\u00e1ch na Morav\u011b, v\u011bnuje se horsk\u00e9 turistice a cyklistice. V sou\u010dasnosti v\u011bnuje spoustu energie rozvoji podnik\u00e1n\u00ed ve \u0161kol\u00e1ch a mezi ml\u00e1de\u017e\u00ed a v\u00fdstavb\u011b Nemocnice chudobn\u00fdch v OZ Dobr\u00fd Pastier Kl\u00e1\u0161tor pod Znievom.<\/p>\n<\/div>\n\n\n\n<div id=\"edl\" class=\"wp-block-group has-global-padding is-layout-constrained wp-block-group-is-layout-constrained\">\n<figure class=\"wp-block-image alignright size-full is-resized is-style-rounded\"><img loading=\"lazy\" decoding=\"async\" width=\"150\" height=\"146\" src=\"https:\/\/batuvodkazsvetu.cz\/wp-content\/uploads\/2024\/01\/edl.jpg\" alt=\"\" class=\"wp-image-2912\" style=\"object-fit:cover;width:150px;height:150px\"\/><\/figure>\n\n\n\n<h2 class=\"wp-block-heading\"><strong>Milan EDL \u2013 Z\u00e1pado\u010desk\u00e1 univerzita Plze\u0148<\/strong><\/h2>\n\n\n\n<p>Vystudoval pr\u016fmyslov\u00e9 in\u017een\u00fdrstv\u00ed a management na Fakult\u011b strojn\u00ed Z\u010cU, habilitoval v oboru Strojn\u00ed in\u017een\u00fdrstv\u00ed. V letech 2014 a\u017e 2022 byl d\u011bkanem Fakulty strojn\u00ed Z\u010cU, aktu\u00e1ln\u011b prod\u011bkanem Fakulty strojn\u00ed pro rozvoj a vn\u011bj\u0161\u00ed vztahy a region\u00e1ln\u00edm mana\u017eerem RIS3 strategie Plze\u0148sk\u00e9ho kraje. Zam\u011b\u0159uje na udr\u017eiteln\u00e9 v\u00fdrobn\u00ed syst\u00e9my, implementaci modern\u00edch technologi\u00ed fenom\u00e9nu 4.0 v pr\u016fmyslu a \u0161kolstv\u00ed, cirkul\u00e1rn\u00ed ekonomikou. P\u016fsobil na t\u0159ech zahrani\u010dn\u00edch univerzit\u00e1ch jako hostuj\u00edc\u00ed profesor. Je rovn\u011b\u017e hodnotitelem N\u00e1rodn\u00edho akredita\u010dn\u00edho \u00fa\u0159adu \u010cR a hodnotitelem a zpravodajem projekt\u016f Technologick\u00e9 agentury \u010cR, je tak\u00e9 zakladatelem Pr\u016fmyslov\u00e9 rady a \u010desko-bavorsk\u00e9 Internacion\u00e1ln\u00ed pr\u016fmyslov\u00e9 rady. Ve spolupr\u00e1ci s Pr\u016fmyslovou radou zalo\u017eil D\u011btskou technickou univerzitu v Plze\u0148sk\u00e9m a Karlovarsk\u00e9m kraji. Je prezidentem \u010cesk\u00e9 technologick\u00e9 platformy Stroj\u00edrenstv\u00ed a viceprezident Klastru Chytr\u00fd Plze\u0148sk\u00fd kraj.<\/p>\n<\/div>\n","protected":false},"excerpt":{"rendered":"<p>Do podnik\u016f nastupuj\u00ed nov\u00e9 technologie a lid\u00e9 se u\u010d\u00ed spolupracovat nejen s kolaborativn\u00edmi roboty, ale tak\u00e9 s roboty, kter\u00e9 pom\u00e1haj\u00ed v du\u0161evn\u00ed a kreativn\u00ed pr\u00e1ci. M\u00e1me digit\u00e1ln\u00ed dvoj\u010data, kter\u00e1 n\u00e1m umo\u017e\u0148uj\u00ed vid\u011bt d\u0159\u00edve neviditeln\u00e1 pl\u00fdtv\u00e1n\u00ed a m\u00e1me technologie na ovl\u00e1d\u00e1n\u00ed zhasl\u00e9 fabriky na d\u00e1lku. Jak nov\u00e9 technologie m\u011bn\u00ed pr\u016fmyslov\u00e9 in\u017een\u00fdrstv\u00ed, p\u0159\u00edstupy a postupy pr\u016fmyslov\u00fdch in\u017een\u00fdr\u016f [&hellip;]<\/p>\n","protected":false},"author":1,"featured_media":0,"parent":0,"menu_order":0,"comment_status":"closed","ping_status":"closed","template":"","meta":{"_exactmetrics_skip_tracking":false,"_exactmetrics_sitenote_active":false,"_exactmetrics_sitenote_note":"","_exactmetrics_sitenote_category":0,"ngg_post_thumbnail":0,"footnotes":""},"class_list":["post-2404","page","type-page","status-publish","hentry"],"_links":{"self":[{"href":"https:\/\/batuvodkazsvetu.cz\/index.php\/wp-json\/wp\/v2\/pages\/2404","targetHints":{"allow":["GET"]}}],"collection":[{"href":"https:\/\/batuvodkazsvetu.cz\/index.php\/wp-json\/wp\/v2\/pages"}],"about":[{"href":"https:\/\/batuvodkazsvetu.cz\/index.php\/wp-json\/wp\/v2\/types\/page"}],"author":[{"embeddable":true,"href":"https:\/\/batuvodkazsvetu.cz\/index.php\/wp-json\/wp\/v2\/users\/1"}],"replies":[{"embeddable":true,"href":"https:\/\/batuvodkazsvetu.cz\/index.php\/wp-json\/wp\/v2\/comments?post=2404"}],"version-history":[{"count":33,"href":"https:\/\/batuvodkazsvetu.cz\/index.php\/wp-json\/wp\/v2\/pages\/2404\/revisions"}],"predecessor-version":[{"id":3029,"href":"https:\/\/batuvodkazsvetu.cz\/index.php\/wp-json\/wp\/v2\/pages\/2404\/revisions\/3029"}],"wp:attachment":[{"href":"https:\/\/batuvodkazsvetu.cz\/index.php\/wp-json\/wp\/v2\/media?parent=2404"}],"curies":[{"name":"wp","href":"https:\/\/api.w.org\/{rel}","templated":true}]}}