{"id":2549,"date":"2023-12-07T22:57:08","date_gmt":"2023-12-07T21:57:08","guid":{"rendered":"https:\/\/batuvodkazsvetu.cz\/?page_id=2549"},"modified":"2023-12-08T16:40:00","modified_gmt":"2023-12-08T15:40:00","slug":"exkurze","status":"publish","type":"page","link":"https:\/\/batuvodkazsvetu.cz\/index.php\/exkurze\/","title":{"rendered":"EXKURZE"},"content":{"rendered":"\n<div id=\"continental\" class=\"wp-block-group has-global-padding is-layout-constrained wp-block-group-is-layout-constrained\">\n<h2 class=\"wp-block-heading has-primary-color has-text-color\">Exkurze Continental<\/h2>\n\n\n\n<p>Spole\u010dnost Continental Barum s.r.o. se s\u00eddlem v Otrokovic\u00edch je nejv\u011bt\u0161\u00ed evropsk\u00fd v\u00fdrobce pneumatik pro osobn\u00ed, lehk\u00e1 u\u017eitkov\u00e1, n\u00e1kladn\u00ed, autobusov\u00e1 a speci\u00e1ln\u00ed vozidla. V regionu m\u00e1 gum\u00e1renstv\u00ed dlouholetou tradici, kterou zapo\u010dal Tom\u00e1\u0161 Ba\u0165a, kdy\u017e v roce 1932, kdy za\u010dal vyr\u00e1b\u011bt pl\u00e1\u0161t\u011b na n\u00e1kladn\u00ed vozidla p\u0159ev\u00e1\u017eej\u00edc\u00ed jeho v\u00fdrobky, tedy boty po republice i d\u00e1le. V roce 1972 byla slavnostn\u011b otev\u0159ena pneumatik\u00e1rna v bl\u00edzk\u00fdch Otrokovic\u00edch a v tomto pr\u016fmyslov\u00e9m are\u00e1lu ro\u010dn\u011b vyrob\u00ed v\u00edce ne\u017e 5200 zam\u011bstnanc\u016f kolem 19 milion\u016f osobn\u00edch pl\u00e1\u0161\u0165\u016f a na 1,4 milion\u016f n\u00e1kladn\u00edch a industri\u00e1ln\u00edch pl\u00e1\u0161\u0165\u016f. Sv\u00e9 d\u016fle\u017eit\u00e9 m\u00edsto zde m\u00e1 i stroj\u00edrensk\u00e1 v\u00fdroba osobn\u00edch vulkaniza\u010dn\u00edch forem.<br>Otrokovick\u00e1 spole\u010dnost vyr\u00e1b\u00ed pneumatiky pr\u00e9miov\u00e9 zna\u010dky Continental, speci\u00e1ln\u00edch zna\u010dek Uniroyal a General Tyre, budgetov\u00fdch zna\u010dek Barum a Matador a mnoho jin\u00fdch. Jedna z nejzn\u00e1m\u011bj\u0161\u00edch a nejd\u016fv\u011bryhodn\u011bj\u0161\u00edch \u010desk\u00fdch zna\u010dek, zna\u010dka Barum byla registrov\u00e1na ji\u017e v dubnu 1948. Firma Continental Barum se hl\u00e1s\u00ed k ba\u0165ovsk\u00fdm princip\u016fm sv\u00fdm managementem v\u00fdrobn\u00edho syst\u00e9mu, m\u00e1 zavedenu t\u00fdmovou pr\u00e1ci a vyu\u017e\u00edv\u00e1 i dal\u0161\u00ed modern\u00ed metody zlep\u0161ov\u00e1n\u00ed procesu a ze\u0161t\u00edhlov\u00e1n\u00edm v\u00fdroby, je\u017e vych\u00e1zej\u00ed z japonsk\u00fdch model\u016f \u0159\u00edzen\u00ed.<br>V r\u00e1mci exkurze bude mo\u017en\u00e9 vid\u011bt nov\u00fd robotick\u00fd sklad postaven\u00fd v are\u00e1lu spole\u010dnost\u00ed Continental Otrokovice zah\u00e1jil sv\u016fj provoz v prosinci 2023 se slavnostn\u00edm otev\u0159en\u00edm 29. ledna 2024. Jedn\u00e1 se o samoobslu\u017en\u00fd pln\u011b automatick\u00fd velkokapacitn\u00ed, takzvan\u00fd high-bay storage sklad hotov\u00fdch v\u00fdrobk\u016f. Sklad, na asi 10 000 m2, pojme a\u017e 900 000 osobn\u00edch pl\u00e1\u0161\u0165\u016f. Nov\u00fd sklad m\u00e1 pln\u011b automatizovan\u00fd syst\u00e9m ukl\u00e1d\u00e1n\u00ed a vykl\u00e1d\u00e1n\u00ed a nadstandardn\u00ed protipo\u017e\u00e1rn\u00ed zabezpe\u010den\u00ed.<\/p>\n<\/div>\n\n\n\n<div id=\"viva\" class=\"wp-block-group has-global-padding is-layout-constrained wp-block-group-is-layout-constrained\">\n<h2 class=\"wp-block-heading has-primary-color has-text-color\">VIVA<\/h2>\n\n\n\n<p>P\u0159edn\u00ed \u010desk\u00e1 pr\u016fmyslov\u00e1 kov\u00e1rna zalo\u017een\u00e1 v roce 1992, kter\u00e1 navazuje na tradici kov\u00e1rny firmy Ba\u0165a, je\u017e vznikla v roce 1932. Specializuje se na v\u00fdrobu z\u00e1pustkov\u00fdch v\u00fdkovk\u016f z legovan\u00fdch, mikrolegovan\u00fdch, uhl\u00edkov\u00fdch a konstruk\u010dn\u00edch ocel\u00ed, a to v\u010detn\u011b bezpe\u010dnostn\u00edch d\u00edl\u016f. Strategie firmy je zalo\u017eena na spolupr\u00e1ci se \u0161pi\u010dkov\u00fdmi evropsk\u00fdmi a sv\u011btov\u00fdmi firmami, s nimi\u017e buduje stabiln\u00ed a dlouhotrvaj\u00edc\u00ed spolupr\u00e1ci. V sou\u010dasn\u00e9 dob\u011b zam\u011bstn\u00e1v\u00e1 p\u0159es 400 zam\u011bstnanc\u016f a ve sv\u00e9 kategorii pat\u0159\u00ed mezi 5 nejlep\u0161\u00edch zam\u011bstnavatel\u016f v \u010cR.<\/p>\n<\/div>\n\n\n\n<div id=\"tajmac\" class=\"wp-block-group has-global-padding is-layout-constrained wp-block-group-is-layout-constrained\">\n<h2 class=\"wp-block-heading has-primary-color has-text-color\">TAJMAC -ZPS<\/h2>\n\n\n\n<p>V\u00fdrobn\u00ed program spole\u010dnosti TAJMAC-ZPS, a. s., se skl\u00e1d\u00e1 z vysoce v\u00fdkonn\u00fdch obr\u00e1b\u011bc\u00edch center, dlouhoto\u010dn\u00fdch automat\u016f a v\u00edcev\u0159etenov\u00fdch automat\u016f. Stroje se uplat\u0148uj\u00ed v nejn\u00e1ro\u010dn\u011bj\u0161\u00edch pr\u016fmyslov\u00fdch odv\u011btv\u00edch na v\u0161ech sv\u011btov\u00fdch trz\u00edch a z\u00edskaly si velmi dobrou pov\u011bst pro svoje vysok\u00e9 technick\u00e9 parametry, p\u0159esnost a spolehlivost.<br>V r\u00e1mci exkurse ve spole\u010dnosti n\u00e1v\u0161t\u011bvn\u00edci budou m\u00edt mo\u017enost zhl\u00e9dnout v prostor\u00e1ch spole\u010dnosti TAJMAC \u2013 ZPS v\u00fdrobn\u00ed bu\u0148ku 4.0 FAMC 1260i vyvinutou v r\u00e1mci spole\u010dn\u00e9ho projektu se spole\u010dnost\u00ed INTEMAC a dal\u0161\u00edmi technologick\u00fdmi partnery, bu\u0148ku funguj\u00edc\u00ed pln\u011b na principech Industry 4.0. v\u010d. vyu\u017eit\u00ed um\u011bl\u00e9 inteligence pro identifikaci polotovar\u016f.<\/p>\n\n\n\n<p>INTEMAC je kompeten\u010dn\u00ed a inova\u010dn\u00ed centrum zalo\u017een\u00e9 pro podporu v\u00fdrobn\u00edch a technologick\u00fdch firem.<br>Implementuj\u00edc\u00ed ve spole\u010dnostech pro zv\u00fd\u0161en\u00ed efektivity jejich proces\u016f principy Pr\u016fmyslu 4.0 \u2013 tzn. flexibiln\u00edch v\u00fdrobn\u00edch syst\u00e9m\u016f, pokro\u010dil\u00fdch technologi\u00ed, digitalizace, v\u00fdvoje a inovac\u00ed.<\/p>\n<\/div>\n\n\n\n<div id=\"amazon\" class=\"wp-block-group has-global-padding is-layout-constrained wp-block-group-is-layout-constrained\">\n<h2 class=\"wp-block-heading has-primary-color has-text-color\">AMAZON<\/h2>\n\n\n\n<p>Distribu\u010dn\u00ed centrum internetov\u00e9ho obchodu Amazonu v Kojet\u00edn\u011b je modern\u00edm a inovativn\u00ed spole\u010dnost, kde s ka\u017edodenn\u00edmi \u00fakoly zam\u011bstnanc\u016f pom\u00e1haj\u00ed speci\u00e1ln\u00ed robotick\u00e9 jednotky. Jedn\u00e1 se o prvn\u00ed robotick\u00e9 centrum sv\u00e9ho druhu vybudovan\u00e9 v \u010cesk\u00e9 republice. P\u0159ipravuj\u00ed se v n\u011bm, bal\u00ed a odes\u00edlaj\u00ed z\u00e1kazn\u00edk\u016fm drobn\u00e9 polo\u017eky, jako jsou knihy, elektronika a spot\u0159ebn\u00ed zbo\u017e\u00ed. Budova centra je jednou z ekologicky nej\u0161etrn\u011bj\u0161\u00edch pr\u016fmyslov\u00fdch staveb v zemi, vybaven\u00e1 foto-voltaickou elektr\u00e1rnu o v\u00fdkonu \u010dty\u0159 megawatt\u016f \u2013 to pro p\u0159edstavu odpov\u00edd\u00e1 pr\u016fm\u011brn\u00e9 ro\u010dn\u00ed spot\u0159eb\u011b asi 1 400 \u010desk\u00fdch dom\u00e1cnost\u00ed. Exkurse uspokoj\u00ed hlavn\u011b ty n\u00e1v\u0161t\u011bvn\u00edky, kter\u00e9 zaj\u00edm\u00e1 oblast logistiky, zlep\u0161ov\u00e1n\u00ed proces\u016f, digitalizace \u010di nov\u00fdch technologie ve skladov\u00e1n\u00ed.<\/p>\n<\/div>\n","protected":false},"excerpt":{"rendered":"<p>Exkurze Continental Spole\u010dnost Continental Barum s.r.o. se s\u00eddlem v Otrokovic\u00edch je nejv\u011bt\u0161\u00ed evropsk\u00fd v\u00fdrobce pneumatik pro osobn\u00ed, lehk\u00e1 u\u017eitkov\u00e1, n\u00e1kladn\u00ed, autobusov\u00e1 a speci\u00e1ln\u00ed vozidla. V regionu m\u00e1 gum\u00e1renstv\u00ed dlouholetou tradici, kterou zapo\u010dal Tom\u00e1\u0161 Ba\u0165a, kdy\u017e v roce 1932, kdy za\u010dal vyr\u00e1b\u011bt pl\u00e1\u0161t\u011b na n\u00e1kladn\u00ed vozidla p\u0159ev\u00e1\u017eej\u00edc\u00ed jeho v\u00fdrobky, tedy boty po republice i d\u00e1le. V [&hellip;]<\/p>\n","protected":false},"author":1,"featured_media":0,"parent":0,"menu_order":0,"comment_status":"closed","ping_status":"closed","template":"","meta":{"_exactmetrics_skip_tracking":false,"_exactmetrics_sitenote_active":false,"_exactmetrics_sitenote_note":"","_exactmetrics_sitenote_category":0,"ngg_post_thumbnail":0,"footnotes":""},"class_list":["post-2549","page","type-page","status-publish","hentry"],"_links":{"self":[{"href":"https:\/\/batuvodkazsvetu.cz\/index.php\/wp-json\/wp\/v2\/pages\/2549","targetHints":{"allow":["GET"]}}],"collection":[{"href":"https:\/\/batuvodkazsvetu.cz\/index.php\/wp-json\/wp\/v2\/pages"}],"about":[{"href":"https:\/\/batuvodkazsvetu.cz\/index.php\/wp-json\/wp\/v2\/types\/page"}],"author":[{"embeddable":true,"href":"https:\/\/batuvodkazsvetu.cz\/index.php\/wp-json\/wp\/v2\/users\/1"}],"replies":[{"embeddable":true,"href":"https:\/\/batuvodkazsvetu.cz\/index.php\/wp-json\/wp\/v2\/comments?post=2549"}],"version-history":[{"count":8,"href":"https:\/\/batuvodkazsvetu.cz\/index.php\/wp-json\/wp\/v2\/pages\/2549\/revisions"}],"predecessor-version":[{"id":2596,"href":"https:\/\/batuvodkazsvetu.cz\/index.php\/wp-json\/wp\/v2\/pages\/2549\/revisions\/2596"}],"wp:attachment":[{"href":"https:\/\/batuvodkazsvetu.cz\/index.php\/wp-json\/wp\/v2\/media?parent=2549"}],"curies":[{"name":"wp","href":"https:\/\/api.w.org\/{rel}","templated":true}]}}