{"id":256,"date":"2019-03-14T10:02:30","date_gmt":"2019-03-14T09:02:30","guid":{"rendered":"http:\/\/batuvodkazevrope.cz\/?page_id=256"},"modified":"2019-03-14T10:02:52","modified_gmt":"2019-03-14T09:02:52","slug":"zavazna-prihlaska-na-konferenci","status":"publish","type":"page","link":"https:\/\/batuvodkazsvetu.cz\/index.php\/domu\/zavazna-prihlaska-na-konferenci\/","title":{"rendered":"Z\u00e1vazn\u00e1 p\u0159ihl\u00e1\u0161ka na konferenci"},"content":{"rendered":"<div class=\"wpforms-container wpforms-container-full\" id=\"wpforms-255\"><form id=\"wpforms-form-255\" class=\"wpforms-validate wpforms-form\" data-formid=\"255\" method=\"post\" enctype=\"multipart\/form-data\" action=\"\/index.php\/wp-json\/wp\/v2\/pages\/256\" data-token=\"9c982baea0cb168ce8f37f96ba0e7c9b\" data-token-time=\"1776231966\"><noscript class=\"wpforms-error-noscript\">Chcete-li vyplnit tento formul\u00e1\u0159, pros\u00edm povolte v prohl\u00ed\u017ee\u010di JavaScript.<\/noscript><div class=\"wpforms-field-container\"><div id=\"wpforms-255-field_1-container\" class=\"wpforms-field wpforms-field-text\" data-field-id=\"1\"><label class=\"wpforms-field-label\" for=\"wpforms-255-field_1\">P\u0159\u00edjmen\u00ed, jm\u00e9no, titul(y): <span class=\"wpforms-required-label\">*<\/span><\/label><input type=\"text\" id=\"wpforms-255-field_1\" class=\"wpforms-field-medium wpforms-field-required\" name=\"wpforms[fields][1]\" required><\/div><div id=\"wpforms-255-field_4-container\" class=\"wpforms-field wpforms-field-email\" data-field-id=\"4\"><label class=\"wpforms-field-label\" for=\"wpforms-255-field_4\">Kontaktn\u00ed email \u00fa\u010dastn\u00edka <span class=\"wpforms-required-label\">*<\/span><\/label><input type=\"email\" id=\"wpforms-255-field_4\" class=\"wpforms-field-medium wpforms-field-required\" name=\"wpforms[fields][4]\" spellcheck=\"false\" required><\/div><div id=\"wpforms-255-field_3-container\" class=\"wpforms-field wpforms-field-text\" data-field-id=\"3\"><label class=\"wpforms-field-label\" for=\"wpforms-255-field_3\">Telefon: <span class=\"wpforms-required-label\">*<\/span><\/label><input type=\"text\" id=\"wpforms-255-field_3\" class=\"wpforms-field-medium wpforms-field-required\" name=\"wpforms[fields][3]\" required><\/div><div id=\"wpforms-255-field_12-container\" class=\"wpforms-field wpforms-field-email\" data-field-id=\"12\"><label class=\"wpforms-field-label\" for=\"wpforms-255-field_12\">Email pro zasl\u00e1n\u00ed faktury: <span class=\"wpforms-required-label\">*<\/span><\/label><input type=\"email\" id=\"wpforms-255-field_12\" class=\"wpforms-field-medium wpforms-field-required\" name=\"wpforms[fields][12]\" spellcheck=\"false\" required><div class=\"wpforms-field-description\">Faktura\u010dn\u00ed \u00fadaje<\/div><\/div><div id=\"wpforms-255-field_6-container\" class=\"wpforms-field wpforms-field-text\" data-field-id=\"6\"><label class=\"wpforms-field-label\" for=\"wpforms-255-field_6\">N\u00e1zev organizace (spole\u010dnost): <span class=\"wpforms-required-label\">*<\/span><\/label><input type=\"text\" id=\"wpforms-255-field_6\" class=\"wpforms-field-medium wpforms-field-required\" name=\"wpforms[fields][6]\" required><div class=\"wpforms-field-description\">Faktura\u010dn\u00ed \u00fadaje<\/div><\/div><div id=\"wpforms-255-field_7-container\" class=\"wpforms-field wpforms-field-text\" data-field-id=\"7\"><label class=\"wpforms-field-label\" for=\"wpforms-255-field_7\">Ulice, \u010d.p.: <span class=\"wpforms-required-label\">*<\/span><\/label><input type=\"text\" id=\"wpforms-255-field_7\" class=\"wpforms-field-medium wpforms-field-required\" name=\"wpforms[fields][7]\" required><div class=\"wpforms-field-description\">Faktura\u010dn\u00ed \u00fadaje<\/div><\/div><div id=\"wpforms-255-field_8-container\" class=\"wpforms-field wpforms-field-text\" data-field-id=\"8\"><label class=\"wpforms-field-label\" for=\"wpforms-255-field_8\">M\u011bsto: <span class=\"wpforms-required-label\">*<\/span><\/label><input type=\"text\" id=\"wpforms-255-field_8\" class=\"wpforms-field-medium wpforms-field-required\" name=\"wpforms[fields][8]\" required><div class=\"wpforms-field-description\">Faktura\u010dn\u00ed \u00fadaje<\/div><\/div><div id=\"wpforms-255-field_9-container\" class=\"wpforms-field wpforms-field-text\" data-field-id=\"9\"><label class=\"wpforms-field-label\" for=\"wpforms-255-field_9\">PS\u010c: <span class=\"wpforms-required-label\">*<\/span><\/label><input type=\"text\" id=\"wpforms-255-field_9\" class=\"wpforms-field-medium wpforms-field-required\" name=\"wpforms[fields][9]\" required><div class=\"wpforms-field-description\">Faktura\u010dn\u00ed \u00fadaje<\/div><\/div><div id=\"wpforms-255-field_10-container\" class=\"wpforms-field wpforms-field-text\" data-field-id=\"10\"><label class=\"wpforms-field-label\" for=\"wpforms-255-field_10\">I\u010cO: <span class=\"wpforms-required-label\">*<\/span><\/label><input type=\"text\" id=\"wpforms-255-field_10\" class=\"wpforms-field-medium wpforms-field-required\" name=\"wpforms[fields][10]\" required><div class=\"wpforms-field-description\">Faktura\u010dn\u00ed \u00fadaje<\/div><\/div><div id=\"wpforms-255-field_11-container\" class=\"wpforms-field wpforms-field-text\" data-field-id=\"11\"><label class=\"wpforms-field-label\" for=\"wpforms-255-field_11\">DI\u010c: <span class=\"wpforms-required-label\">*<\/span><\/label><input type=\"text\" id=\"wpforms-255-field_11\" class=\"wpforms-field-medium wpforms-field-required\" name=\"wpforms[fields][11]\" required><div class=\"wpforms-field-description\">Faktura\u010dn\u00ed \u00fadaje<\/div><\/div><div id=\"wpforms-255-field_15-container\" class=\"wpforms-field wpforms-field-radio\" data-field-id=\"15\"><label class=\"wpforms-field-label\">Z\u00fa\u010dastn\u00edte se Spole\u010densk\u00e9ho ve\u010dera ve vile Tom\u00e1\u0161e Bati 24. 4. 2024 <\/label><ul id=\"wpforms-255-field_15\"><li class=\"choice-5 depth-1\"><input type=\"radio\" id=\"wpforms-255-field_15_5\" name=\"wpforms[fields][15]\" value=\"Ano\"  ><label class=\"wpforms-field-label-inline\" for=\"wpforms-255-field_15_5\">Ano<\/label><\/li><li class=\"choice-6 depth-1\"><input type=\"radio\" id=\"wpforms-255-field_15_6\" name=\"wpforms[fields][15]\" value=\"Ne\"  ><label class=\"wpforms-field-label-inline\" for=\"wpforms-255-field_15_6\">Ne<\/label><\/li><\/ul><\/div><div id=\"wpforms-255-field_13-container\" class=\"wpforms-field wpforms-field-radio\" data-field-id=\"13\"><label class=\"wpforms-field-label\">Volba Workshopu 25. 4. 2024 \/ 09:00 - 11:00<\/label><ul id=\"wpforms-255-field_13\"><li class=\"choice-1 depth-1\"><input type=\"radio\" id=\"wpforms-255-field_13_1\" name=\"wpforms[fields][13]\" value=\"TRANSFORMACE PR\u016eMYSLU VE ST\u0158EDN\u00cd EVROP\u011a: hrozby a p\u0159\u00edle\u017eitosti\"  ><label class=\"wpforms-field-label-inline\" for=\"wpforms-255-field_13_1\">TRANSFORMACE PR\u016eMYSLU VE ST\u0158EDN\u00cd EVROP\u011a: hrozby a p\u0159\u00edle\u017eitosti<\/label><\/li><li class=\"choice-2 depth-1\"><input type=\"radio\" id=\"wpforms-255-field_13_2\" name=\"wpforms[fields][13]\" value=\"TECHNOLOGIE A HUMANITA\"  ><label class=\"wpforms-field-label-inline\" for=\"wpforms-255-field_13_2\">TECHNOLOGIE A HUMANITA<\/label><\/li><li class=\"choice-3 depth-1\"><input type=\"radio\" id=\"wpforms-255-field_13_3\" name=\"wpforms[fields][13]\" value=\"JI\u017d NAPLN\u011aNO!!! - P\u0158IPRAVENOST NA ZM\u011aNY\"  ><label class=\"wpforms-field-label-inline\" for=\"wpforms-255-field_13_3\">JI\u017d NAPLN\u011aNO!!! - P\u0158IPRAVENOST NA ZM\u011aNY<\/label><\/li><li class=\"choice-4 depth-1\"><input type=\"radio\" id=\"wpforms-255-field_13_4\" name=\"wpforms[fields][13]\" value=\"JI\u017d NAPLN\u011aNO!!! - NAPLN\u011aN\u00cd MOTIV\u00c1TOR\u016e: Kl\u00ed\u010d k spokojenosti a produktivit\u011b zam\u011bstnanc\u016f\"  ><label class=\"wpforms-field-label-inline\" for=\"wpforms-255-field_13_4\">JI\u017d NAPLN\u011aNO!!! - NAPLN\u011aN\u00cd MOTIV\u00c1TOR\u016e: Kl\u00ed\u010d k spokojenosti a produktivit\u011b zam\u011bstnanc\u016f<\/label><\/li><li class=\"choice-5 depth-1\"><input type=\"radio\" id=\"wpforms-255-field_13_5\" name=\"wpforms[fields][13]\" value=\"JI\u017d NAPLN\u011aNO!!! - INSPIRUJ SE BA\u0164OU: Filozofie Ba\u0165a a jej\u00ed aplikov\u00e1n\u00ed do osobn\u00edho i profesn\u00edho \u017eivota\"  ><label class=\"wpforms-field-label-inline\" for=\"wpforms-255-field_13_5\">JI\u017d NAPLN\u011aNO!!! - INSPIRUJ SE BA\u0164OU: Filozofie Ba\u0165a a jej\u00ed aplikov\u00e1n\u00ed do osobn\u00edho i profesn\u00edho \u017eivota<\/label><\/li><\/ul><\/div><div id=\"wpforms-255-field_14-container\" class=\"wpforms-field wpforms-field-radio\" data-field-id=\"14\"><label class=\"wpforms-field-label\">Volba programu 25. 4. 2024 \/ 11:30 - 13:30<\/label><ul id=\"wpforms-255-field_14\"><li class=\"choice-7 depth-1\"><input type=\"radio\" id=\"wpforms-255-field_14_7\" name=\"wpforms[fields][14]\" value=\"Workshop: V\u00ddKONN\u00c9 PROCESY A UDR\u017dITELNOST ZM\u011aN\"  ><label class=\"wpforms-field-label-inline\" for=\"wpforms-255-field_14_7\">Workshop: V\u00ddKONN\u00c9 PROCESY A UDR\u017dITELNOST ZM\u011aN<\/label><\/li><li class=\"choice-8 depth-1\"><input type=\"radio\" id=\"wpforms-255-field_14_8\" name=\"wpforms[fields][14]\" value=\"Workshop: JAK NAJ\u00cdT MLAD\u00c9 LIDI DO V\u00ddROBY A PRACOVAT S NIMI?\"  ><label class=\"wpforms-field-label-inline\" for=\"wpforms-255-field_14_8\">Workshop: JAK NAJ\u00cdT MLAD\u00c9 LIDI DO V\u00ddROBY A PRACOVAT S NIMI?<\/label><\/li><li class=\"choice-10 depth-1\"><input type=\"radio\" id=\"wpforms-255-field_14_10\" name=\"wpforms[fields][14]\" value=\"Workshop: KVALITN\u00cd PRODUKT POT\u0158EBUJE KVALITN\u00cd ZAD\u00c1N\u00cd PRO DESIGN\"  ><label class=\"wpforms-field-label-inline\" for=\"wpforms-255-field_14_10\">Workshop: KVALITN\u00cd PRODUKT POT\u0158EBUJE KVALITN\u00cd ZAD\u00c1N\u00cd PRO DESIGN<\/label><\/li><li class=\"choice-9 depth-1\"><input type=\"radio\" id=\"wpforms-255-field_14_9\" name=\"wpforms[fields][14]\" value=\"JI\u017d NAPLN\u011aNO!!! - Workshop: PRODUKTIVN\u00cd J\u00c1: Strategie pro efektivn\u00ed pr\u00e1ci\"  ><label class=\"wpforms-field-label-inline\" for=\"wpforms-255-field_14_9\">JI\u017d NAPLN\u011aNO!!! - Workshop: PRODUKTIVN\u00cd J\u00c1: Strategie pro efektivn\u00ed pr\u00e1ci<\/label><\/li><li class=\"choice-12 depth-1\"><input type=\"radio\" id=\"wpforms-255-field_14_12\" name=\"wpforms[fields][14]\" value=\"JI\u017d NAPLN\u011aNO!!! - Workshop: INSPIRUJ SE BA\u0164OU: Filozofie Ba\u0165a a jej\u00ed aplikov\u00e1n\u00ed do osobn\u00edho i profesn\u00edho \u017eivota\"  ><label class=\"wpforms-field-label-inline\" for=\"wpforms-255-field_14_12\">JI\u017d NAPLN\u011aNO!!! - Workshop: INSPIRUJ SE BA\u0164OU: Filozofie Ba\u0165a a jej\u00ed aplikov\u00e1n\u00ed do osobn\u00edho i profesn\u00edho \u017eivota<\/label><\/li><li class=\"choice-2 depth-1\"><input type=\"radio\" id=\"wpforms-255-field_14_2\" name=\"wpforms[fields][14]\" value=\"Exkurze TAJMAC - ZPS\"  ><label class=\"wpforms-field-label-inline\" for=\"wpforms-255-field_14_2\">Exkurze TAJMAC - ZPS<\/label><\/li><li class=\"choice-3 depth-1\"><input type=\"radio\" id=\"wpforms-255-field_14_3\" name=\"wpforms[fields][14]\" value=\"JI\u017d NAPLN\u011aNO!!! - Exkurze Amazon Kojet\u00edn\"  ><label class=\"wpforms-field-label-inline\" for=\"wpforms-255-field_14_3\">JI\u017d NAPLN\u011aNO!!! - Exkurze Amazon Kojet\u00edn<\/label><\/li><li class=\"choice-4 depth-1\"><input type=\"radio\" id=\"wpforms-255-field_14_4\" name=\"wpforms[fields][14]\" value=\"Exkurze Kov\u00e1rna VIVA\"  ><label class=\"wpforms-field-label-inline\" for=\"wpforms-255-field_14_4\">Exkurze Kov\u00e1rna VIVA<\/label><\/li><li class=\"choice-5 depth-1\"><input type=\"radio\" id=\"wpforms-255-field_14_5\" name=\"wpforms[fields][14]\" value=\"JI\u017d NAPLN\u011aNO!!! - Exkurze Continental Barum\"  ><label class=\"wpforms-field-label-inline\" for=\"wpforms-255-field_14_5\">JI\u017d NAPLN\u011aNO!!! - Exkurze Continental Barum<\/label><\/li><li class=\"choice-6 depth-1\"><input type=\"radio\" id=\"wpforms-255-field_14_6\" name=\"wpforms[fields][14]\" value=\"Proch\u00e1zka Zl\u00ednem\"  ><label class=\"wpforms-field-label-inline\" for=\"wpforms-255-field_14_6\">Proch\u00e1zka Zl\u00ednem<\/label><\/li><\/ul><\/div><\/div><!-- .wpforms-field-container --><div class=\"wpforms-field wpforms-field-hp\"><label for=\"wpforms-255-field-hp\" class=\"wpforms-field-label\">Comment<\/label><input type=\"text\" name=\"wpforms[hp]\" id=\"wpforms-255-field-hp\" class=\"wpforms-field-medium\"><\/div><div class=\"wpforms-submit-container\" ><input type=\"hidden\" name=\"wpforms[id]\" value=\"255\"><input type=\"hidden\" name=\"page_title\" value=\"\"><input type=\"hidden\" name=\"page_url\" value=\"https:\/\/batuvodkazsvetu.cz\/index.php\/wp-json\/wp\/v2\/pages\/256\"><input type=\"hidden\" name=\"url_referer\" value=\"\"><button type=\"submit\" name=\"wpforms[submit]\" id=\"wpforms-submit-255\" class=\"wpforms-submit\" data-alt-text=\"Odes\u00edl\u00e1n\u00ed...\" data-submit-text=\"Odeslat\" aria-live=\"assertive\" value=\"wpforms-submit\">Odeslat<\/button><\/div><\/form><\/div>  <!-- .wpforms-container -->\n","protected":false},"excerpt":{"rendered":"","protected":false},"author":1,"featured_media":0,"parent":14,"menu_order":0,"comment_status":"closed","ping_status":"closed","template":"template-fullwidth.php","meta":{"_exactmetrics_skip_tracking":false,"_exactmetrics_sitenote_active":false,"_exactmetrics_sitenote_note":"","_exactmetrics_sitenote_category":0,"ngg_post_thumbnail":0,"footnotes":""},"class_list":["post-256","page","type-page","status-publish","hentry"],"_links":{"self":[{"href":"https:\/\/batuvodkazsvetu.cz\/index.php\/wp-json\/wp\/v2\/pages\/256","targetHints":{"allow":["GET"]}}],"collection":[{"href":"https:\/\/batuvodkazsvetu.cz\/index.php\/wp-json\/wp\/v2\/pages"}],"about":[{"href":"https:\/\/batuvodkazsvetu.cz\/index.php\/wp-json\/wp\/v2\/types\/page"}],"author":[{"embeddable":true,"href":"https:\/\/batuvodkazsvetu.cz\/index.php\/wp-json\/wp\/v2\/users\/1"}],"replies":[{"embeddable":true,"href":"https:\/\/batuvodkazsvetu.cz\/index.php\/wp-json\/wp\/v2\/comments?post=256"}],"version-history":[{"count":1,"href":"https:\/\/batuvodkazsvetu.cz\/index.php\/wp-json\/wp\/v2\/pages\/256\/revisions"}],"predecessor-version":[{"id":257,"href":"https:\/\/batuvodkazsvetu.cz\/index.php\/wp-json\/wp\/v2\/pages\/256\/revisions\/257"}],"up":[{"embeddable":true,"href":"https:\/\/batuvodkazsvetu.cz\/index.php\/wp-json\/wp\/v2\/pages\/14"}],"wp:attachment":[{"href":"https:\/\/batuvodkazsvetu.cz\/index.php\/wp-json\/wp\/v2\/media?parent=256"}],"curies":[{"name":"wp","href":"https:\/\/api.w.org\/{rel}","templated":true}]}}