{"id":2633,"date":"2023-12-08T22:15:22","date_gmt":"2023-12-08T21:15:22","guid":{"rendered":"https:\/\/batuvodkazsvetu.cz\/?page_id=2633"},"modified":"2024-04-21T22:05:12","modified_gmt":"2024-04-21T20:05:12","slug":"workshopy","status":"publish","type":"page","link":"https:\/\/batuvodkazsvetu.cz\/index.php\/workshopy\/","title":{"rendered":"Workshopy"},"content":{"rendered":"\n<div id=\"kosturiak\" class=\"wp-block-group has-global-padding is-layout-constrained wp-block-group-is-layout-constrained\">\n<figure class=\"wp-block-image alignright size-full is-resized is-style-rounded\"><img loading=\"lazy\" decoding=\"async\" width=\"150\" height=\"150\" src=\"https:\/\/batuvodkazsvetu.cz\/wp-content\/uploads\/2023\/12\/kosturiak1.jpg\" alt=\"\" class=\"wp-image-2665\" style=\"object-fit:cover;width:150px;height:150px\"\/><\/figure>\n\n\n\n<h2 class=\"wp-block-heading\"><strong>J\u00e1n KO\u0160TURIAK<\/strong> <strong>&#8211; INOVATO<\/strong><\/h2>\n\n\n\n<p>Spoluzakladatel IPA Slovakia a Podnikatelsk\u00e9 univerzity v \u017dilin\u011b. V r. 1990 za\u010dal pracovat jako konzultant pro pr\u016fmyslov\u00e9 podniky. V r. 1995 zalo\u017eil Institut pr\u016fmyslov\u00e9ho in\u017een\u00fdrstv\u00ed v \u017dilin\u011b, kter\u00fd v r. 2000 spojil s aktivitami Fraunhofer IPA Stuttgart ve spole\u010dnosti Fraunhofer IPA Slovakia. B\u011bhem sv\u00e9 profesion\u00e1ln\u00ed kari\u00e9ry pracoval jako konzultant pro mnoho firem (nap\u0159. Volkswagen, Sauer Danfoss, Leoni, AESOP, Daimler Chrysler, Leoni, Visteon, Hella, Elcom, Atrea, SHP Group, Fosfa, OMS, Linet, Bonatrans, \u0160koda Auto, \u00d6BB, Siemens, Mondi\/Neusiedler, Ahorn, Borcad, atd.). V r. 2021 zalo\u017eil a rozv\u00edj\u00ed s\u00ed\u0165 INOVATO, kde zkoum\u00e1 nov\u00e9 trendy a technologie v byznysu, propojuje podnikatele a hled\u00e1 s nimi inovace a nov\u00e9 podnikatelsk\u00e9 modely. \u017dije ve Var\u00ednu na Slovensku a M\u011br\u016ftk\u00e1ch na Morav\u011b, v\u011bnuje se horsk\u00e9 turistice a cyklistice. V sou\u010dasnosti v\u011bnuje spoustu energie rozvoji podnik\u00e1n\u00ed ve \u0161kol\u00e1ch a mezi ml\u00e1de\u017e\u00ed a v\u00fdstavb\u011b Nemocnice chudobn\u00fdch v OZ Dobr\u00fd Pastier Kl\u00e1\u0161tor pod Znievom.<\/p>\n<\/div>\n\n\n\n<div id=\"dlabac\" class=\"wp-block-group has-global-padding is-layout-constrained wp-block-group-is-layout-constrained\">\n<figure class=\"wp-block-image alignright size-full is-resized is-style-rounded\"><img loading=\"lazy\" decoding=\"async\" width=\"232\" height=\"234\" src=\"https:\/\/batuvodkazsvetu.cz\/wp-content\/uploads\/2023\/12\/dlabac.jpg\" alt=\"\" class=\"wp-image-2408\" style=\"object-fit:cover;width:150px;height:150px\" srcset=\"https:\/\/batuvodkazsvetu.cz\/wp-content\/uploads\/2023\/12\/dlabac.jpg 232w, https:\/\/batuvodkazsvetu.cz\/wp-content\/uploads\/2023\/12\/dlabac-150x150.jpg 150w\" sizes=\"auto, (max-width: 232px) 100vw, 232px\" \/><\/figure>\n\n\n\n<h2 class=\"wp-block-heading\"><strong>Jaroslav DLABA\u010c<\/strong> <strong>&#8211; API Slan\u00fd<\/strong><\/h2>\n\n\n\n<p>P\u016fsob\u00ed na pozici jednatele a projektov\u00e9ho mana\u017eera Akademie Produktivity a Inovac\u00ed ve Slan\u00e9m. Absolvent doktorsk\u00e9ho studia oboru Pr\u016fmyslov\u00e9 in\u017een\u00fdrstv\u00ed na Univerzit\u011b Tom\u00e1\u0161e Bati ve Zl\u00edn\u011b a Technick\u00e9 univerzity v Chemnitz. Profesn\u011b se zab\u00fdv\u00e1 LEAN managementem, pr\u016fmyslov\u00fdm in\u017een\u00fdrstv\u00edm a v\u00fdrobn\u00edmi syst\u00e9my ve spojitosti s ekonomikou a efektivitou v\u00fdrobn\u00edch provoz\u016f.<br>Za 15 let poradensk\u00e9 praxe vedl projekty s d\u016frazem na zv\u00fd\u0161en\u00ed efektivity proces\u016f a produktivity pracovn\u00edk\u016f a vhodn\u00e9ho nastaven\u00ed ergonomie pr\u00e1ce, racionalizaci layout\u016f, nastaven\u00ed efektivn\u00edho toku, eliminace prostoj\u016f ve spole\u010dnostech jako ALTECH, Fatra, JAP FUTURE,HOPI, JEDNOTA, Linde Material Handling, nkt cables, ORLEN Unipetrol RPA, Sapeli, a v mnoh\u00fdch dal\u0161\u00edch.<\/p>\n<\/div>\n\n\n\n<div id=\"pavelka\" class=\"wp-block-group has-global-padding is-layout-constrained wp-block-group-is-layout-constrained\">\n<figure class=\"wp-block-image alignright size-full is-resized is-style-rounded\"><img loading=\"lazy\" decoding=\"async\" width=\"284\" height=\"284\" src=\"https:\/\/batuvodkazsvetu.cz\/wp-content\/uploads\/2023\/12\/pavelka.jpg\" alt=\"\" class=\"wp-image-2407\" style=\"object-fit:cover;width:150px;height:150px\" srcset=\"https:\/\/batuvodkazsvetu.cz\/wp-content\/uploads\/2023\/12\/pavelka.jpg 284w, https:\/\/batuvodkazsvetu.cz\/wp-content\/uploads\/2023\/12\/pavelka-150x150.jpg 150w\" sizes=\"auto, (max-width: 284px) 100vw, 284px\" \/><\/figure>\n\n\n\n<h2 class=\"wp-block-heading\"><strong>Marcel PAVELKA<\/strong> <strong>&#8211; API Slan\u00fd<\/strong><\/h2>\n\n\n\n<p>Profesn\u011b se zab\u00fdv\u00e1 strategi\u00ed budov\u00e1n\u00ed \u0161t\u00edhl\u00fdch a efektivn\u00edch podnik\u016f s c\u00edlem zv\u00fd\u0161en\u00ed p\u0159idan\u00e9 hodnoty a zlep\u0161en\u00ed efektivity, ekonomiky provozu a to skrze implementaci metod a n\u00e1stroj\u016f LEAN managementu, pr\u016fmyslov\u00e9ho in\u017een\u00fdrstv\u00ed. Za 15 let poradensk\u00e9 praxe pomohl des\u00edtk\u00e1m spole\u010dnost\u00ed proj\u00edt LEAN transformac\u00ed, vedl projekty s c\u00edlem zlep\u0161en\u00ed proces\u016f, zv\u00fd\u0161en\u00ed efektivity strojn\u00edho za\u0159\u00edzen\u00ed a produktivity pr\u00e1ce, nastaven\u00ed efektivn\u00edho materi\u00e1lov\u00e9ho toku, racionalizace layoutu, sn\u00ed\u017een\u00ed pr\u016fb\u011b\u017en\u00e9 doby v\u00fdroby \u010di digitalizace v\u00fdrobn\u00edch proces\u016f i proces\u016f \u00fadr\u017eby. Z vybran\u00fdch referenc\u00ed jsou to nap\u0159\u00edklad podniky LINET, PRIMOCO, SmurfitKappa, KYOCERA AVX, KSS, ISMM, Promens Zl\u00edn, SCH\u00c4FER, GZ Media, Plze\u0148sk\u00fd Prazdroj, GOLDBECK Prefabeton.<\/p>\n<\/div>\n\n\n\n<div id=\"masek\" class=\"wp-block-group has-global-padding is-layout-constrained wp-block-group-is-layout-constrained\">\n<figure class=\"wp-block-image alignright size-full is-resized is-style-rounded\"><img loading=\"lazy\" decoding=\"async\" width=\"150\" height=\"150\" src=\"https:\/\/batuvodkazsvetu.cz\/wp-content\/uploads\/2023\/12\/masek.jpg\" alt=\"\" class=\"wp-image-2432\" style=\"object-fit:cover;width:150px;height:150px\"\/><\/figure>\n\n\n\n<h2 class=\"wp-block-heading\"><strong>Jan MA\u0160EK<\/strong> <strong>&#8211; Red Button<\/strong><\/h2>\n\n\n\n<p>Vybral si inovace jako prost\u0159edek k rozvoji odvahy, n\u00e1rodn\u00ed hrdosti a kultivaci spole\u010dnosti jako celku. Pracoval ve spole\u010dnosti 3M na pozici inova\u010dn\u00edho l\u00eddra, kde se nau\u010dil propojovat r\u016fzn\u00e9 funk\u010dn\u00ed modely z jednoho businessu do druh\u00e9ho. Vytv\u00e1\u0159el mosty mezi 3M, jin\u00fdmi firmami a institucemi, aby spole\u010dn\u011b hledali win-win \u0159e\u0161en\u00ed. Je jeden ze zakladatel\u016f s\u00edt\u011b Red Button. R\u00e1d vytv\u00e1\u0159\u00ed s\u00edt\u011b, kter\u00e9 umo\u017e\u0148uj\u00ed hledat zkratky, kter\u00e9 jsou v dne\u0161n\u00ed rychl\u00e9 dob\u0159e pot\u0159eba k akceleraci n\u00e1pad\u016f nebo rozvoji businessu. Spoluzalo\u017eil vzd\u011bl\u00e1vac\u00ed platformu Red Button EDU, kter\u00e1 m\u00e1 ambice zkvalit\u0148ovat vzd\u011bl\u00e1vac\u00ed trh a pom\u00e1h\u00e1 firm\u00e1m a organizac\u00edm dostat se do 21. stolet\u00ed.<br>Nezm\u011bn\u011bno: Vybral si inovace jako prost\u0159edek k rozvoji odvahy, n\u00e1rodn\u00ed hrdosti a kultivaci spole\u010dnosti jako celku. Pracoval ve spole\u010dnosti 3M na pozici inova\u010dn\u00edho l\u00eddra, kde se nau\u010dil propojovat r\u016fzn\u00e9 funk\u010dn\u00ed modely z jednoho businessu do druh\u00e9ho. Vytv\u00e1\u0159el mosty mezi 3M, jin\u00fdmi firmami a institucemi, aby spole\u010dn\u011b hledali win-win \u0159e\u0161en\u00ed. Je jeden ze zakladatel\u016f s\u00edt\u011b Red Button. R\u00e1d vytv\u00e1\u0159\u00ed s\u00edt\u011b, kter\u00e9 umo\u017e\u0148uj\u00ed hledat zkratky, kter\u00e9 jsou v dne\u0161n\u00ed rychl\u00e9 dob\u0159e pot\u0159eba k akceleraci n\u00e1pad\u016f nebo rozvoji businessu. Spoluzalo\u017eil vzd\u011bl\u00e1vac\u00ed platformu Red Button EDU, kter\u00e1 m\u00e1 ambice zkvalit\u0148ovat vzd\u011bl\u00e1vac\u00ed trh a pom\u00e1h\u00e1 firm\u00e1m a organizac\u00edm dostat se do 21. stolet\u00ed.<\/p>\n<\/div>\n\n\n\n<div id=\"masek\" class=\"wp-block-group has-global-padding is-layout-constrained wp-block-group-is-layout-constrained\">\n<figure class=\"wp-block-image alignright size-full is-resized is-style-rounded\"><img loading=\"lazy\" decoding=\"async\" width=\"150\" height=\"150\" src=\"https:\/\/batuvodkazsvetu.cz\/wp-content\/uploads\/2023\/12\/maly.jpg\" alt=\"\" class=\"wp-image-2784\" style=\"object-fit:cover;width:150px;height:150px\"\/><\/figure>\n\n\n\n<h2 class=\"wp-block-heading\"><strong>Lubo\u0161 MAL\u00dd &#8211; Red Button<\/strong><\/h2>\n\n\n\n<p>Jsem r\u00e1d, kdy\u017e firma funguje, jako \u0161v\u00fdcarsk\u00e9 hodinky. Proto hled\u00e1m rovnov\u00e1hu mezi procesy, technologiemi a hlavn\u011b lidmi. Kultura, kde se prima pracuje a neust\u00e1le zlep\u0161uje, umo\u017e\u0148uje inovovat a u\u010dit se ka\u017ed\u00fd den n\u011bco nov\u00e9ho. Pro\u0161el jsem si r\u016fzn\u00fdmi rolemi ve spole\u010dnostech Procter&amp;Gamble a LEGO &#8211; od v\u00fdrobn\u00ed operativy, p\u0159es mana\u017eersk\u00e9 pozice a konzultanstv\u00ed a\u017e po veden\u00ed glob\u00e1ln\u00edch transforma\u010dn\u00edch projekt\u016f. R\u00e1d propojuji r\u016fzn\u00e9 obory, sv\u011bty start-up\u016f, neziskov\u00fdch organizac\u00ed i vysok\u00fdch \u0161kol a v neposledn\u00ed \u0159ad\u011b kultury, kter\u00e9 jsem m\u011bl mo\u017enost potkat. V\u011b\u0159\u00edm, \u017ee skrze prost\u0159ed\u00ed ve firm\u00e1ch je mo\u017en\u00e9 zlep\u0161ovat celou spole\u010dnost. Proto spoluvytv\u00e1\u0159\u00edm s\u00ed\u0165 RedButton a pod\u00edl\u00edm se jak na vnit\u0159n\u00edm fungov\u00e1n\u00ed tak na produktech a projektech. M\u00e1m r\u00e1d tyk\u00e1n\u00ed, otev\u0159enost, d\u00e1vat v\u00edc ne\u017e br\u00e1t, skromnost, lidskost a humor ve v\u0161ech podob\u00e1ch. Fand\u00edm ZeroWaste a Expertn\u00edmu dobrovolnictv\u00ed.<\/p>\n<\/div>\n\n\n\n<div id=\"matoskova\" class=\"wp-block-group has-global-padding is-layout-constrained wp-block-group-is-layout-constrained\">\n<figure class=\"wp-block-image alignright size-full is-resized is-style-rounded\"><img loading=\"lazy\" decoding=\"async\" width=\"150\" height=\"150\" src=\"https:\/\/batuvodkazsvetu.cz\/wp-content\/uploads\/2023\/12\/matoskova.jpg\" alt=\"\" class=\"wp-image-2429\" style=\"object-fit:cover;width:150px;height:150px\"\/><\/figure>\n\n\n\n<h2 class=\"wp-block-heading\"><strong>Jana MATO\u0160KOV\u00c1<\/strong> <strong>&#8211; UTB ve Zl\u00edn\u011b<\/strong><\/h2>\n\n\n\n<p>Jako kou\u010d, lektor a vysoko\u0161kolsk\u00fd pedagog inspiruje a podporuje v oblasti osobn\u00edho a profesn\u00edho rozvoje. Pom\u00e1h\u00e1 lidem z\u00edskat kontrolu nad jejich \u017eivoty a rozv\u00edj\u00ed jejich odborn\u00e9 znalosti t\u00fdkaj\u00edc\u00ed se pr\u00e1ce s lidmi. Prov\u00e1z\u00ed je na cest\u011b r\u016fstu, objevov\u00e1n\u00ed nevyu\u017eit\u00e9ho potenci\u00e1lu a z\u00edsk\u00e1v\u00e1n\u00ed nov\u00fdch pohled\u016f na sebe sama, na druh\u00e9 a na zp\u016fsoby veden\u00ed. T\u00edmto zp\u016fsobem p\u0159isp\u00edv\u00e1 k zvy\u0161ov\u00e1n\u00ed produktivity, rozvoji lep\u0161\u00edch vztah\u016f, podn\u011bcuje inovace a umo\u017e\u0148uje lidem p\u0159in\u00e1\u0161et vy\u0161\u0161\u00ed p\u0159idanou hodnotu nejen organizac\u00edm, pro kter\u00e9 pracuj\u00ed, ale i sob\u011b sam\u00fdm. Ve voln\u00e9m \u010dase m\u00e1 r\u00e1da toulky p\u0159\u00edrodou a \u010detbu.<\/p>\n<\/div>\n\n\n\n<div id=\"koncitikova\" class=\"wp-block-group has-global-padding is-layout-constrained wp-block-group-is-layout-constrained\">\n<figure class=\"wp-block-image alignright size-full is-resized is-style-rounded\"><img loading=\"lazy\" decoding=\"async\" width=\"150\" height=\"150\" src=\"https:\/\/batuvodkazsvetu.cz\/wp-content\/uploads\/2023\/12\/koncitikova.jpg\" alt=\"\" class=\"wp-image-2555\" style=\"object-fit:cover;width:150px;height:150px\"\/><\/figure>\n\n\n\n<h2 class=\"wp-block-heading\"><strong>Gabriela KON\u010cIT\u00cdKOV\u00c1<\/strong> <strong>&#8211; Nadace Tom\u00e1\u0161e Bati<\/strong><\/h2>\n\n\n\n<p>\u0158editelka Nadace Tom\u00e1\u0161e Bati, lektorka a spisovatelka odkazu filozofie Ba\u0165a. Dlouhodob\u011b se v\u011bnuje studiu odkazu B\u00e1\u0165a, je autorkou n\u011bkolika ba\u0165ovsk\u00fdch knih. V Nadaci Tom\u00e1\u0161e Bati p\u016fsob\u00ed od roku 2016, v r\u00e1mci sv\u00e9 odborn\u00e9 \u010dinnosti se v\u011bnuje mo\u017enostem aplikace Syst\u00e9mu \u0159\u00edzen\u00ed Ba\u0165a do sou\u010dasn\u00e9ho podnikatelsk\u00e9ho prost\u0159ed\u00ed. Jej\u00ed p\u0159edn\u00e1\u0161ky jsou zam\u011b\u0159eny na specifick\u00e9\u0301 \u010dasti Syst\u00e9mu \u0159\u00edzen\u00ed Ba\u0165a, ba\u0165ovsk\u00fd leadership a Soustavu \u0159\u00edzen\u00ed Ba\u0165a obecn\u011b.<\/p>\n<\/div>\n\n\n\n<div id=\"malovany\" class=\"wp-block-group has-global-padding is-layout-constrained wp-block-group-is-layout-constrained\">\n<figure class=\"wp-block-image alignright size-full is-resized is-style-rounded\"><img loading=\"lazy\" decoding=\"async\" width=\"150\" height=\"150\" src=\"https:\/\/batuvodkazsvetu.cz\/wp-content\/uploads\/2023\/12\/malovany.jpg\" alt=\"\" class=\"wp-image-2556\" style=\"object-fit:cover;width:150px;height:150px\"\/><\/figure>\n\n\n\n<h2 class=\"wp-block-heading\"><strong>Jakub MALOVAN\u00dd<\/strong> <strong>&#8211; Nadace Tom\u00e1\u0161e Bati<\/strong><\/h2>\n\n\n\n<p>Projektov\u00fd a PR mana\u017eer Nadace Tom\u00e1\u0161e Bati. Publicista, redaktor a spisovatel. Pro Nadaci Tom\u00e1\u0161e Bati pracuje jako PR a projektov\u00fd mana\u017eer. V letech 2013-2019 byl \u010dlenem um\u011bleck\u00e9ho souboru M\u011bstsk\u00e9ho divadla Zl\u00edn. Je autorem n\u011bkolika knih. Dlouhodob\u011b se v\u011bnuje publicistick\u00e9 \u010dinnosti, na sv\u00e9m kont\u011b m\u00e1 stovky \u010dl\u00e1nku\u030a a rozhovoru\u030a, pravideln\u011b p\u0159isp\u00edv\u00e1 do kulturn\u00edho magaz\u00ednu inZlin. Od roku 2022 je \u010dlenem Klubu H+Z. Profesn\u011b p\u016fsobil jako redaktor \u010cesk\u00e9ho rozhlasu a report\u00e9r CNN Prima News.<\/p>\n<\/div>\n\n\n\n<div id=\"kristak\" class=\"wp-block-group has-global-padding is-layout-constrained wp-block-group-is-layout-constrained\">\n<figure class=\"wp-block-image alignright size-full is-resized is-style-rounded\"><img loading=\"lazy\" decoding=\"async\" width=\"293\" height=\"291\" src=\"https:\/\/batuvodkazsvetu.cz\/wp-content\/uploads\/2023\/12\/Kristak.jpg\" alt=\"\" class=\"wp-image-2406\" style=\"object-fit:cover;width:150px;height:150px\" srcset=\"https:\/\/batuvodkazsvetu.cz\/wp-content\/uploads\/2023\/12\/Kristak.jpg 293w, https:\/\/batuvodkazsvetu.cz\/wp-content\/uploads\/2023\/12\/Kristak-150x150.jpg 150w\" sizes=\"auto, (max-width: 293px) 100vw, 293px\" \/><\/figure>\n\n\n\n<h2 class=\"wp-block-heading\"><strong>Jozef KRI\u0160\u0164AK<\/strong> <strong>&#8211; IPA Slovakia <\/strong><\/h2>\n\n\n\n<p>Pom\u00e1h\u00e1 zvy\u0161ovat v\u00fdkonnost firem ji\u017e v\u00edc jak 25 let. Mezi m\u00fdmi z\u00e1kazn\u00edky jsou lidi, kte\u0159\u00ed hledaj\u00ed mo\u017enosti jak zvy\u0161ovat pr\u016ftok a produktivitu, zkracovat dodac\u00ed lh\u016fty, zlep\u0161ovat kvalitu bez velk\u00fdch investic eliminac\u00ed ztr\u00e1t a pl\u00fdtv\u00e1n\u00ed. Rozv\u00edj\u00ed lidi ve schopnostech systematicky \u0159e\u0161it probl\u00e9my a dosahovat stanoven\u00e9 c\u00edle. V\u011bnuje se zlep\u0161ov\u00e1n\u00ed organizace pr\u016fmyslov\u00fdch firem a zav\u00e1d\u011bn\u00ed kultury neust\u00e1l\u00e9ho zlep\u0161ov\u00e1n\u00ed. Specializuje se na lean p\u0159\u00edstupy k zav\u00e1d\u011bn\u00ed plynul\u00e9ho toku do firemn\u00edch proces\u016f a metod\u00e1m pr\u016fmyslov\u00e9ho in\u017een\u00fdrstv\u00ed.<\/p>\n<\/div>\n\n\n\n<div id=\"marek\" class=\"wp-block-group has-global-padding is-layout-constrained wp-block-group-is-layout-constrained\">\n<figure class=\"wp-block-image alignright size-full is-resized is-style-rounded\"><img loading=\"lazy\" decoding=\"async\" width=\"280\" height=\"280\" src=\"https:\/\/batuvodkazsvetu.cz\/wp-content\/uploads\/2023\/12\/marek1.jpg\" alt=\"\" class=\"wp-image-2405\" style=\"object-fit:cover;width:150px;height:150px\" srcset=\"https:\/\/batuvodkazsvetu.cz\/wp-content\/uploads\/2023\/12\/marek1.jpg 280w, https:\/\/batuvodkazsvetu.cz\/wp-content\/uploads\/2023\/12\/marek1-150x150.jpg 150w\" sizes=\"auto, (max-width: 280px) 100vw, 280px\" \/><\/figure>\n\n\n\n<h2 class=\"wp-block-heading\"><strong>Miroslav MAREK<\/strong> <strong>&#8211; Productive systems <\/strong><\/h2>\n\n\n\n<p>M\u00e1 v\u00edce ne\u017e dvacet let zku\u0161enost\u00ed se zav\u00e1d\u011bn\u00edm \u0161t\u00edhl\u00fdch v\u00fdrobn\u00edch syst\u00e9m\u016f a t\u00fdmov\u00e9 pr\u00e1ce v podnic\u00edch sv\u011btov\u00fdch firem jako jsou Siemens, Continental nebo DURA kde pracoval na technick\u00fdch a mana\u017eersk\u00fdch pozic\u00edch. Je business partnerem ve spole\u010dnosti New Dimension, p\u016fsob\u00ed jako poradce management\u016f pro tvorbu a \u0159\u00edzen\u00ed strategi\u00ed, inovac\u00ed a udr\u017eiteln\u00e9ho r\u016fstu firem. Extern\u011b spolupracuje s Moravskoslezsk\u00fdm Inova\u010dn\u00edm Centrem, je \u010dlenem t\u00fdmu sd\u00edlen\u00e9ho v\u00fdvojov\u00e9ho centra IdeaHUB a spoluzakladatel startupu EDIMA Solutions.<\/p>\n<\/div>\n\n\n\n<div id=\"tvaruzek\" class=\"wp-block-group has-global-padding is-layout-constrained wp-block-group-is-layout-constrained\">\n<figure class=\"wp-block-image alignright size-full is-resized is-style-rounded\"><img loading=\"lazy\" decoding=\"async\" width=\"150\" height=\"150\" src=\"https:\/\/batuvodkazsvetu.cz\/wp-content\/uploads\/2023\/12\/tvaruzek.jpg\" alt=\"\" class=\"wp-image-2474\" style=\"object-fit:cover;width:150px;height:150px\"\/><\/figure>\n\n\n\n<h2 class=\"wp-block-heading\"><strong>Martin TVAR\u016e\u017dEK<\/strong> <strong>&#8211; Martin Tvar\u016f\u017eek Design<\/strong><\/h2>\n\n\n\n<p>Je absolventem zl\u00ednsk\u00e9 Katedry designu p\u0159i pra\u017esk\u00e9 V\u0160UP. Ji\u017e v\u00edce ne\u017e 25 let d\u00e1v\u00e1 podporu v\u00fdrobn\u00edm spole\u010dnostem p\u0159i inovaci v\u00fdrobk\u016f, stroj\u016f a za\u0159\u00edzen\u00ed. Navrhl pro n\u011b design n\u011bkolika des\u00edtek produkt\u016f, kter\u00e9 se prod\u00e1vaj\u00ed na glob\u00e1ln\u00edm trhu. Od roku 2014 vede na \u00dastavu pr\u016fmyslov\u00e9ho designu p\u0159i Fakult\u011b architektury \u010cVUT Praha Ateli\u00e9r Tvar\u016f\u017eek. V r\u00e1mci lektorsk\u00e9 \u010dinnosti p\u0159edn\u00e1\u0161\u00ed na konferenc\u00edch o pr\u016fmyslu po\u0159\u00e1dan\u00fdch st\u00e1tn\u00edmi i soukrom\u00fdmi subjekty. Mezi klienty jeho studia pat\u0159\u00ed nap\u0159\u00edklad O2 Czech Republic, Remoska, Tesla Group, Way Industries, TechTest, Viadrus, Unicode Systems, ComAp, Chart Industries, Beznoska, V\u00edtkovice Cylinders a dal\u0161\u00ed. Byl mnohokr\u00e1t ocen\u011bn v sout\u011b\u017ei N\u00e1rodn\u00ed cena za design a na odborn\u00fdch mezin\u00e1rodn\u00edch veletrz\u00edch. V letech 2015 a 2017 se stal prvn\u00edm \u010cechem, kter\u00fd z\u00edskal presti\u017en\u00ed sv\u011btov\u00e9 ocen\u011bn\u00ed Red Dot Winner ve stroj\u00edrensk\u00e9 kategorii. V roce 2023 obdr\u017eel stejn\u00e9 ocen\u011bn\u00ed pot\u0159et\u00ed a sou\u010dasn\u011b se stal teprve \u010dtvrt\u00fdm \u010cechem, kter\u00fd z\u00edskal v kategorii Produktov\u00fd design nejvy\u0161\u0161\u00ed mo\u017en\u00e9 ocen\u011bn\u00ed Red Dot: Best of the Best.<\/p>\n<\/div>\n","protected":false},"excerpt":{"rendered":"<p>J\u00e1n KO\u0160TURIAK &#8211; INOVATO Spoluzakladatel IPA Slovakia a Podnikatelsk\u00e9 univerzity v \u017dilin\u011b. V r. 1990 za\u010dal pracovat jako konzultant pro pr\u016fmyslov\u00e9 podniky. V r. 1995 zalo\u017eil Institut pr\u016fmyslov\u00e9ho in\u017een\u00fdrstv\u00ed v \u017dilin\u011b, kter\u00fd v r. 2000 spojil s aktivitami Fraunhofer IPA Stuttgart ve spole\u010dnosti Fraunhofer IPA Slovakia. B\u011bhem sv\u00e9 profesion\u00e1ln\u00ed kari\u00e9ry pracoval jako konzultant pro mnoho [&hellip;]<\/p>\n","protected":false},"author":1,"featured_media":0,"parent":0,"menu_order":0,"comment_status":"closed","ping_status":"closed","template":"","meta":{"_exactmetrics_skip_tracking":false,"_exactmetrics_sitenote_active":false,"_exactmetrics_sitenote_note":"","_exactmetrics_sitenote_category":0,"ngg_post_thumbnail":0,"footnotes":""},"class_list":["post-2633","page","type-page","status-publish","hentry"],"_links":{"self":[{"href":"https:\/\/batuvodkazsvetu.cz\/index.php\/wp-json\/wp\/v2\/pages\/2633","targetHints":{"allow":["GET"]}}],"collection":[{"href":"https:\/\/batuvodkazsvetu.cz\/index.php\/wp-json\/wp\/v2\/pages"}],"about":[{"href":"https:\/\/batuvodkazsvetu.cz\/index.php\/wp-json\/wp\/v2\/types\/page"}],"author":[{"embeddable":true,"href":"https:\/\/batuvodkazsvetu.cz\/index.php\/wp-json\/wp\/v2\/users\/1"}],"replies":[{"embeddable":true,"href":"https:\/\/batuvodkazsvetu.cz\/index.php\/wp-json\/wp\/v2\/comments?post=2633"}],"version-history":[{"count":13,"href":"https:\/\/batuvodkazsvetu.cz\/index.php\/wp-json\/wp\/v2\/pages\/2633\/revisions"}],"predecessor-version":[{"id":3079,"href":"https:\/\/batuvodkazsvetu.cz\/index.php\/wp-json\/wp\/v2\/pages\/2633\/revisions\/3079"}],"wp:attachment":[{"href":"https:\/\/batuvodkazsvetu.cz\/index.php\/wp-json\/wp\/v2\/media?parent=2633"}],"curies":[{"name":"wp","href":"https:\/\/api.w.org\/{rel}","templated":true}]}}