{"id":3468,"date":"2024-07-09T00:16:19","date_gmt":"2024-07-08T22:16:19","guid":{"rendered":"https:\/\/batuvodkazsvetu.cz\/?page_id=3468"},"modified":"2024-09-23T16:17:36","modified_gmt":"2024-09-23T14:17:36","slug":"napsali-o-nas","status":"publish","type":"page","link":"https:\/\/batuvodkazsvetu.cz\/index.php\/napsali-o-nas\/","title":{"rendered":"Napsali o n\u00e1s"},"content":{"rendered":"\n<p>Tiskov\u00e1 zpr\u00e1va na ofici\u00e1ln\u00edch str\u00e1nk\u00e1ch Statut\u00e1rn\u00edho m\u011bsta Zl\u00edna.<\/p>\n\n\n\n<figure class=\"wp-block-image size-large\"><img loading=\"lazy\" decoding=\"async\" width=\"1024\" height=\"502\" src=\"https:\/\/batuvodkazsvetu.cz\/wp-content\/uploads\/2024\/09\/TZ_Mesto-Zlin-1024x502.jpg\" alt=\"\" class=\"wp-image-3480\" srcset=\"https:\/\/batuvodkazsvetu.cz\/wp-content\/uploads\/2024\/09\/TZ_Mesto-Zlin-1024x502.jpg 1024w, https:\/\/batuvodkazsvetu.cz\/wp-content\/uploads\/2024\/09\/TZ_Mesto-Zlin-300x147.jpg 300w, https:\/\/batuvodkazsvetu.cz\/wp-content\/uploads\/2024\/09\/TZ_Mesto-Zlin-768x376.jpg 768w, https:\/\/batuvodkazsvetu.cz\/wp-content\/uploads\/2024\/09\/TZ_Mesto-Zlin-1536x752.jpg 1536w, https:\/\/batuvodkazsvetu.cz\/wp-content\/uploads\/2024\/09\/TZ_Mesto-Zlin.jpg 1866w\" sizes=\"auto, (max-width: 1024px) 100vw, 1024px\" \/><\/figure>\n\n\n\n<p>\u010casopis FRENKI\u0160\u00c1K (\u010dasopis pro zam\u011bstnance spole\u010dnosti FRAENKISCHE CZ, s.r.o.), 16. ro\u010dn\u00edk, 2\/2024<\/p>\n\n\n\n<p><\/p>\n\n\n\n<figure class=\"wp-block-image size-large\"><img loading=\"lazy\" decoding=\"async\" width=\"1024\" height=\"716\" src=\"https:\/\/batuvodkazsvetu.cz\/wp-content\/uploads\/2024\/07\/casopis_str.1-1024x716.jpg\" alt=\"\" class=\"wp-image-3469\" srcset=\"https:\/\/batuvodkazsvetu.cz\/wp-content\/uploads\/2024\/07\/casopis_str.1-1024x716.jpg 1024w, https:\/\/batuvodkazsvetu.cz\/wp-content\/uploads\/2024\/07\/casopis_str.1-300x210.jpg 300w, https:\/\/batuvodkazsvetu.cz\/wp-content\/uploads\/2024\/07\/casopis_str.1-768x537.jpg 768w, https:\/\/batuvodkazsvetu.cz\/wp-content\/uploads\/2024\/07\/casopis_str.1.jpg 1212w\" sizes=\"auto, (max-width: 1024px) 100vw, 1024px\" \/><\/figure>\n\n\n\n<figure class=\"wp-block-image size-large\"><img loading=\"lazy\" decoding=\"async\" width=\"1024\" height=\"699\" src=\"https:\/\/batuvodkazsvetu.cz\/wp-content\/uploads\/2024\/07\/casopis-str.-2-1024x699.jpg\" alt=\"\" class=\"wp-image-3470\" srcset=\"https:\/\/batuvodkazsvetu.cz\/wp-content\/uploads\/2024\/07\/casopis-str.-2-1024x699.jpg 1024w, https:\/\/batuvodkazsvetu.cz\/wp-content\/uploads\/2024\/07\/casopis-str.-2-300x205.jpg 300w, https:\/\/batuvodkazsvetu.cz\/wp-content\/uploads\/2024\/07\/casopis-str.-2-768x524.jpg 768w, https:\/\/batuvodkazsvetu.cz\/wp-content\/uploads\/2024\/07\/casopis-str.-2.jpg 1212w\" sizes=\"auto, (max-width: 1024px) 100vw, 1024px\" \/><\/figure>\n","protected":false},"excerpt":{"rendered":"<p>Tiskov\u00e1 zpr\u00e1va na ofici\u00e1ln\u00edch str\u00e1nk\u00e1ch Statut\u00e1rn\u00edho m\u011bsta Zl\u00edna. \u010casopis FRENKI\u0160\u00c1K (\u010dasopis pro zam\u011bstnance spole\u010dnosti FRAENKISCHE CZ, s.r.o.), 16. ro\u010dn\u00edk, 2\/2024<\/p>\n","protected":false},"author":1,"featured_media":0,"parent":0,"menu_order":0,"comment_status":"closed","ping_status":"closed","template":"","meta":{"_exactmetrics_skip_tracking":false,"_exactmetrics_sitenote_active":false,"_exactmetrics_sitenote_note":"","_exactmetrics_sitenote_category":0,"ngg_post_thumbnail":0,"footnotes":""},"class_list":["post-3468","page","type-page","status-publish","hentry"],"_links":{"self":[{"href":"https:\/\/batuvodkazsvetu.cz\/index.php\/wp-json\/wp\/v2\/pages\/3468","targetHints":{"allow":["GET"]}}],"collection":[{"href":"https:\/\/batuvodkazsvetu.cz\/index.php\/wp-json\/wp\/v2\/pages"}],"about":[{"href":"https:\/\/batuvodkazsvetu.cz\/index.php\/wp-json\/wp\/v2\/types\/page"}],"author":[{"embeddable":true,"href":"https:\/\/batuvodkazsvetu.cz\/index.php\/wp-json\/wp\/v2\/users\/1"}],"replies":[{"embeddable":true,"href":"https:\/\/batuvodkazsvetu.cz\/index.php\/wp-json\/wp\/v2\/comments?post=3468"}],"version-history":[{"count":2,"href":"https:\/\/batuvodkazsvetu.cz\/index.php\/wp-json\/wp\/v2\/pages\/3468\/revisions"}],"predecessor-version":[{"id":3481,"href":"https:\/\/batuvodkazsvetu.cz\/index.php\/wp-json\/wp\/v2\/pages\/3468\/revisions\/3481"}],"wp:attachment":[{"href":"https:\/\/batuvodkazsvetu.cz\/index.php\/wp-json\/wp\/v2\/media?parent=3468"}],"curies":[{"name":"wp","href":"https:\/\/api.w.org\/{rel}","templated":true}]}}